{"id":30,"date":"2018-03-12T08:16:31","date_gmt":"2018-03-12T08:16:31","guid":{"rendered":"http:\/\/localhost\/wordpress\/?page_id=30"},"modified":"2022-08-26T06:49:01","modified_gmt":"2022-08-26T06:49:01","slug":"entwurfsprozesse","status":"publish","type":"page","link":"https:\/\/www.nussmueller.at\/en\/focus\/entwurfsprozesse\/","title":{"rendered":"design process"},"content":{"rendered":"<h4>Seit vielen Jahren wird die Produktion von Architektur bei uns gemeinschaftlich praktiziert. Wir sind der Meinung, dass daraus eine vielschichtige, wohl \u00fcberlegte, mit dem Ort verbundene Architektur entsteht.<\/h4>\n<p>Gemeinsam ist mehr. Der gemeinsam gef\u00fchrte Entwurfsprozess ist in Verbindung mit unserer Firmengeschichte Teil einer langj\u00e4hrigen Tradition.\u00a0 Schon immer waren bei uns mehrere Architekten zur selben Zeit am selben Werk t\u00e4tig. Das Einbinden vieler Erkenntnisse in den Prozess des Entwerfens ist Teil unserer Firmenkultur.<\/p>\n<p><span lang=\"DE\">[break]<\/span><\/p>\n<p>Die Fr\u00fcchte eines solchen Miteinanders lassen sich einerseits im Prozess selbst, durch die Erfahrung und den Umgang mit pluralen L\u00f6sungsans\u00e4tzen, Vielschichtigkeit und Diskurs, aber eben auch im realisierten Geb\u00e4ude erkennen, das dem jeweiligen Ort ein m\u00f6glichst \u00fcberlegtes, passgenaues Raumwerk gegen\u00fcberstellt.<\/p>\n<p>Der kooperative Entwurf bedarf stetiger \u00dcbung und dem Willen fortw\u00e4hrend daran zu arbeiten. Er versteht sich als ein Prozess &#8211; als eine T\u00e4tigkeit die sich mit dem Erforschen, dem Entwickeln und dem sich immer wieder neu zusammensetzenden Werk auseinandersetzt. Diese Projektentwicklung erstreckt sich \u00fcber das Planungsteam im B\u00fcro hinaus und findet mit der fr\u00fchen Einbindung von Fachplaneren und Handwerkern seine Fortf\u00fchrung in der Realisierung von Projekten. Beinahe alle unserer Entwurfsaufgaben werden in einem solchen Prozess gef\u00fchrt.<\/p>\n","protected":false},"excerpt":{"rendered":"<p>Seit vielen Jahren wird die Produktion von Architektur bei uns gemeinschaftlich praktiziert. Wir sind der Meinung, dass daraus eine vielschichtige, wohl \u00fcberlegte, mit dem Ort verbundene Architektur entsteht. Gemeinsam ist mehr. Der gemeinsam gef\u00fchrte Entwurfsprozess ist in Verbindung mit unserer Firmengeschichte Teil einer langj\u00e4hrigen Tradition.\u00a0 Schon immer waren bei uns mehrere Architekten zur selben Zeit [&hellip;]<\/p>\n","protected":false},"author":1,"featured_media":6283,"parent":20,"menu_order":2,"comment_status":"closed","ping_status":"closed","template":"views\/template-focus.blade.php","meta":{"_acf_changed":false,"footnotes":""},"class_list":["post-30","page","type-page","status-publish","has-post-thumbnail","hentry"],"translation":{"provider":"WPGlobus","version":"3.0.0","language":"en","enabled_languages":["de","en"],"languages":{"de":{"title":true,"content":true,"excerpt":false},"en":{"title":true,"content":false,"excerpt":false}}},"acf":[],"_links":{"self":[{"href":"https:\/\/www.nussmueller.at\/en\/wp-json\/wp\/v2\/pages\/30"}],"collection":[{"href":"https:\/\/www.nussmueller.at\/en\/wp-json\/wp\/v2\/pages"}],"about":[{"href":"https:\/\/www.nussmueller.at\/en\/wp-json\/wp\/v2\/types\/page"}],"author":[{"embeddable":true,"href":"https:\/\/www.nussmueller.at\/en\/wp-json\/wp\/v2\/users\/1"}],"replies":[{"embeddable":true,"href":"https:\/\/www.nussmueller.at\/en\/wp-json\/wp\/v2\/comments?post=30"}],"version-history":[{"count":23,"href":"https:\/\/www.nussmueller.at\/en\/wp-json\/wp\/v2\/pages\/30\/revisions"}],"predecessor-version":[{"id":7084,"href":"https:\/\/www.nussmueller.at\/en\/wp-json\/wp\/v2\/pages\/30\/revisions\/7084"}],"up":[{"embeddable":true,"href":"https:\/\/www.nussmueller.at\/en\/wp-json\/wp\/v2\/pages\/20"}],"wp:featuredmedia":[{"embeddable":true,"href":"https:\/\/www.nussmueller.at\/en\/wp-json\/wp\/v2\/media\/6283"}],"wp:attachment":[{"href":"https:\/\/www.nussmueller.at\/en\/wp-json\/wp\/v2\/media?parent=30"}],"curies":[{"name":"wp","href":"https:\/\/api.w.org\/{rel}","templated":true}]}}