{"id":28,"date":"2018-03-12T08:16:09","date_gmt":"2018-03-12T08:16:09","guid":{"rendered":"http:\/\/localhost\/wordpress\/?page_id=28"},"modified":"2022-08-26T06:51:35","modified_gmt":"2022-08-26T06:51:35","slug":"wohn-staedtebau","status":"publish","type":"page","link":"https:\/\/www.nussmueller.at\/en\/focus\/wohn-staedtebau\/","title":{"rendered":"urban development &#038; housing"},"content":{"rendered":"<h4>Wohn- und St\u00e4dtebau ist der politisch am st\u00e4rksten beeinflusste Aufgabenbereich eines Architekturb\u00fcros. Wir \u00fcbernahmen und \u00fcbernehmen in unterschiedlichsten Funktionen diese Verantwortung.<\/h4>\n<p>Die Wurzeln unseres B\u00fcros liegen in der Mitbestimmungswelle der 1980er Jahre. Damals war es der politische Wille im Rahmen des \u201eModell Steiermark\u201c, der quantitativen Wohnbedarfsbefriedigung der 50er bis 70er Jahre eine qualitativ hochwertige, und auf die Bewohnerw\u00fcnsche abgezielte Alternative gegen\u00fcber zu stellen.<\/p>\n<p><span lang=\"DE\">[break]<\/span><\/p>\n<p>Bis zur Jahrtausendwende planten wir einige Wohnanlagen mit voller Mitbestimmung der Bewohner. Zusammen mit Soziologen konnten wir einen Erfahrungsschatz \u00fcber wahre Bed\u00fcrfnisse von Bewohnern sammeln, die wir im Auftrag der Landesregierung wissenschaftlich in Studien \u00fcber Wohnzufriedenheit dokumentierten. Der R\u00fcckzug der Politik aus der Wohnbaudiskussion seit 1992, der Verkauf der Wohnbaumittel an die Banken 1999 bis 2008 und die dadurch entstandene Fokussierung auf Wirtschaftlichkeit bedingte die Verlagerung auf gr\u00f6\u00dfere Wohnanlagen mit st\u00e4dtebaulichem Schwerpunkt. Wettbewerbsgewinne in dieser Gr\u00f6\u00dfenordnung wie z.B. Hirtenkloster (2001) bis zu Smart City \/ Waagner Biro-Strasse (2014) wurden und werden umgesetzt.<br \/>\nNeben den sozialen und st\u00e4dtebaulichen Schwerpunkten liegt ein weiterer Fokus im \u00f6kologischen Bauen. Dies f\u00fchrte einerseits zur intensiven Besch\u00e4ftigung mit dem Baustoff Holz, andererseits zur Realisierung von Projekten wie z.B. der Plusenergiesiedlung Zentrum Reininghaus S\u00fcd in Graz und der Plusenergiesanierung eines Nachkriegsgeb\u00e4udes in der Johann B\u00f6hmstrasse in Kapfenberg.<br \/>\nWir verstehen die Auseinandersetzung mit dem Wohnen als politische, soziale und \u00f6kologische Aufgabe \u2013 als eine Teamarbeit mit allen Beteiligten, mit unserer Verantwortung f\u00fcr eine gute Architektur, die auch Moden \u00fcberlebt.<\/p>\n","protected":false},"excerpt":{"rendered":"<p>Wohn- und St\u00e4dtebau ist der politisch am st\u00e4rksten beeinflusste Aufgabenbereich eines Architekturb\u00fcros. Wir \u00fcbernahmen und \u00fcbernehmen in unterschiedlichsten Funktionen diese Verantwortung. Die Wurzeln unseres B\u00fcros liegen in der Mitbestimmungswelle der 1980er Jahre. Damals war es der politische Wille im Rahmen des \u201eModell Steiermark\u201c, der quantitativen Wohnbedarfsbefriedigung der 50er bis 70er Jahre eine qualitativ hochwertige, und [&hellip;]<\/p>\n","protected":false},"author":1,"featured_media":6287,"parent":20,"menu_order":5,"comment_status":"closed","ping_status":"closed","template":"views\/template-focus.blade.php","meta":{"_acf_changed":false,"footnotes":""},"class_list":["post-28","page","type-page","status-publish","has-post-thumbnail","hentry"],"translation":{"provider":"WPGlobus","version":"3.0.0","language":"en","enabled_languages":["de","en"],"languages":{"de":{"title":true,"content":true,"excerpt":false},"en":{"title":true,"content":false,"excerpt":false}}},"acf":[],"_links":{"self":[{"href":"https:\/\/www.nussmueller.at\/en\/wp-json\/wp\/v2\/pages\/28"}],"collection":[{"href":"https:\/\/www.nussmueller.at\/en\/wp-json\/wp\/v2\/pages"}],"about":[{"href":"https:\/\/www.nussmueller.at\/en\/wp-json\/wp\/v2\/types\/page"}],"author":[{"embeddable":true,"href":"https:\/\/www.nussmueller.at\/en\/wp-json\/wp\/v2\/users\/1"}],"replies":[{"embeddable":true,"href":"https:\/\/www.nussmueller.at\/en\/wp-json\/wp\/v2\/comments?post=28"}],"version-history":[{"count":43,"href":"https:\/\/www.nussmueller.at\/en\/wp-json\/wp\/v2\/pages\/28\/revisions"}],"predecessor-version":[{"id":2705,"href":"https:\/\/www.nussmueller.at\/en\/wp-json\/wp\/v2\/pages\/28\/revisions\/2705"}],"up":[{"embeddable":true,"href":"https:\/\/www.nussmueller.at\/en\/wp-json\/wp\/v2\/pages\/20"}],"wp:featuredmedia":[{"embeddable":true,"href":"https:\/\/www.nussmueller.at\/en\/wp-json\/wp\/v2\/media\/6287"}],"wp:attachment":[{"href":"https:\/\/www.nussmueller.at\/en\/wp-json\/wp\/v2\/media?parent=28"}],"curies":[{"name":"wp","href":"https:\/\/api.w.org\/{rel}","templated":true}]}}