{"id":26,"date":"2018-03-12T08:15:56","date_gmt":"2018-03-12T08:15:56","guid":{"rendered":"http:\/\/localhost\/wordpress\/?page_id=26"},"modified":"2022-08-26T06:49:33","modified_gmt":"2022-08-26T06:49:33","slug":"sanierung-revitalisierung","status":"publish","type":"page","link":"https:\/\/www.nussmueller.at\/en\/focus\/sanierung-revitalisierung\/","title":{"rendered":"renovation &#038; revitalisation"},"content":{"rendered":"<h4>Neben den Neubauprojekten ist uns die Befassung mit der vorhandenen Baustruktur ein wesentliches Anliegen. Dabei spannt sich der Bogen von der Erhaltung bau- und kulturhistorisch bedeutender Geb\u00e4ude bis hin zu einem ressourcenschonenden Umgang von einfachen Bauten.<\/h4>\n<p>In Hinblick auf die \u00f6kologischen Herausforderungen der kommenden Jahre f\u00fchlen wir uns dem Einsatz von \u00f6kologischen Materialien, deren Nutzen und Wiederverwendbarkeit verpflichtet.<\/p>\n<p><span lang=\"DE\">[break]<\/span><\/p>\n<p>Der Wiederaufbau nach dem 2. Weltkrieg und die darauffolgende enorme Baut\u00e4tigkeit haben leider auch ein enormes Sanierungspotential hinterlassen &#8211; viele Bauten der letzten 30 bis 50 Jahre sind bereits abbruchreif. Eine gesamtwirtschaftliche Betrachtung und Analyse ist erforderlich um abzuw\u00e4gen, was zu erhalten und was zu erneuern ist. Das Sanieren darf hier keinesfalls auf ein Aufkleben von Vollw\u00e4rmeschutz reduziert werden &#8211; was wiederum den n\u00e4chsten Bauschaden produziert. Nur eine umfassende Wohn- und Umfeldsanierung und das sorgsame Abw\u00e4gen aller Ma\u00dfnahmen ergeben hierbei einen Sinn.<br \/>\nIm Umgang mit historisch bedeutender Bausubstanz ist die Aufgabe von Erhalten durch Erneuern besonders interessant. Neue, eigenst\u00e4ndige Elemente, m\u00fcssen den Dialog mit der sanierten, erhaltenen Substanz aufnehmen k\u00f6nnen. Schlussendlich schreibt sich dadurch unsere Baugeschichte und der Umgang damit fort.<\/p>\n","protected":false},"excerpt":{"rendered":"<p>Neben den Neubauprojekten ist uns die Befassung mit der vorhandenen Baustruktur ein wesentliches Anliegen. Dabei spannt sich der Bogen von der Erhaltung bau- und kulturhistorisch bedeutender Geb\u00e4ude bis hin zu einem ressourcenschonenden Umgang von einfachen Bauten. In Hinblick auf die \u00f6kologischen Herausforderungen der kommenden Jahre f\u00fchlen wir uns dem Einsatz von \u00f6kologischen Materialien, deren Nutzen [&hellip;]<\/p>\n","protected":false},"author":1,"featured_media":6285,"parent":20,"menu_order":4,"comment_status":"closed","ping_status":"closed","template":"views\/template-focus.blade.php","meta":{"_acf_changed":false,"footnotes":""},"class_list":["post-26","page","type-page","status-publish","has-post-thumbnail","hentry"],"translation":{"provider":"WPGlobus","version":"3.0.0","language":"en","enabled_languages":["de","en"],"languages":{"de":{"title":true,"content":true,"excerpt":false},"en":{"title":true,"content":false,"excerpt":false}}},"acf":[],"_links":{"self":[{"href":"https:\/\/www.nussmueller.at\/en\/wp-json\/wp\/v2\/pages\/26"}],"collection":[{"href":"https:\/\/www.nussmueller.at\/en\/wp-json\/wp\/v2\/pages"}],"about":[{"href":"https:\/\/www.nussmueller.at\/en\/wp-json\/wp\/v2\/types\/page"}],"author":[{"embeddable":true,"href":"https:\/\/www.nussmueller.at\/en\/wp-json\/wp\/v2\/users\/1"}],"replies":[{"embeddable":true,"href":"https:\/\/www.nussmueller.at\/en\/wp-json\/wp\/v2\/comments?post=26"}],"version-history":[{"count":26,"href":"https:\/\/www.nussmueller.at\/en\/wp-json\/wp\/v2\/pages\/26\/revisions"}],"predecessor-version":[{"id":5153,"href":"https:\/\/www.nussmueller.at\/en\/wp-json\/wp\/v2\/pages\/26\/revisions\/5153"}],"up":[{"embeddable":true,"href":"https:\/\/www.nussmueller.at\/en\/wp-json\/wp\/v2\/pages\/20"}],"wp:featuredmedia":[{"embeddable":true,"href":"https:\/\/www.nussmueller.at\/en\/wp-json\/wp\/v2\/media\/6285"}],"wp:attachment":[{"href":"https:\/\/www.nussmueller.at\/en\/wp-json\/wp\/v2\/media?parent=26"}],"curies":[{"name":"wp","href":"https:\/\/api.w.org\/{rel}","templated":true}]}}