{"id":24,"date":"2018-03-12T08:15:41","date_gmt":"2018-03-12T08:15:41","guid":{"rendered":"http:\/\/localhost\/wordpress\/?page_id=24"},"modified":"2022-08-26T06:48:44","modified_gmt":"2022-08-26T06:48:44","slug":"energie-nachhaltigkeit","status":"publish","type":"page","link":"https:\/\/www.nussmueller.at\/en\/focus\/energie-nachhaltigkeit\/","title":{"rendered":"energy \/ sustainability"},"content":{"rendered":"<h4>Nachhaltigkeit in der Architektur bedeutet neben der Betrachtung energetischer Aspekte vor allem die Besch\u00e4ftigung mit \u00e4sthetischen, sozialen und kulturellen Werten.<\/h4>\n<p>Aus unserer Sicht ist nur eine Architektur, die von den Geb\u00e4udenutzern wertgesch\u00e4tzt wird, auf lange Sicht hin nachhaltig. Diese Nachhaltigkeit entscheidet sich zu allererst nicht auf einer technischen Ebene, sondern auf der Ebene von kultureller und sozialer Akzeptanz des Geb\u00e4udes.\u00a0Nachhaltige Architektur wird als Wechselspiel von Behaglichkeit und Aufenthaltsqualit\u00e4t in Relation zur Energiebilanz gesehen. Durch die gewaltige Steigerung unserer Komfortanspr\u00fcche ist daher immer ein sinnvolles Ma\u00df an Technik notwendig, um diese Anspr\u00fcche zu befriedigen.<\/p>\n<p><span lang=\"DE\">[break]<\/span><\/p>\n<p>Es geht einerseits darum, die f\u00fcr Geb\u00e4ude notwendigen Energieaufwendungen m\u00f6glichst rationell und \u00fcber den gesamten Lebenszyklus betrachtet, bereitzustellen. Das Geb\u00e4ude stellt mittlerweile mit der daf\u00fcr notwendigen Technik ein integriertes System dar, das nicht beliebig kombinierbar, bzw. austauschbar ist, wie dies noch bei Geb\u00e4uden vor 20 Jahren \u00fcblich war. Die Praxis zeigt, dass zum Beispiel bei passivhauszertifizierten Bauten mit kontrollierter Wohnrauml\u00fcftung durch Unterhalt und Wartung mittlerweile mehr Energie verbraucht wird als in \u201enormalen\u201c Geb\u00e4ude. Wir sehen die Zukunft in ressourcenschonenden \u201eNahe Nullenergiegeb\u00e4uden\u201c kombiniert mit Energienetzen, die bestehende Synergieeffekte unterschiedlicher Geb\u00e4ude und Nutzungen aussch\u00f6pfen.<br \/>\nEine f\u00fcr nachfolgende Generationen verantwortungsbewusste Bauweise ber\u00fccksichtigt eine r\u00fcckbauf\u00e4hige Materialpalette und beinhaltet die wirtschaftliche Trennbarkeit der einzelnen Konstruktionsteile. Hierf\u00fcr wesentlich ist eine Differenzierung zwischen Rohbau und Ausbau. Die gebaute Umwelt darf bei der Ber\u00fccksichtigung all dieser Aspekte keine unzumutbare Belastung f\u00fcr zuk\u00fcnftige Generationen darstellen.<\/p>\n","protected":false},"excerpt":{"rendered":"<p>Nachhaltigkeit in der Architektur bedeutet neben der Betrachtung energetischer Aspekte vor allem die Besch\u00e4ftigung mit \u00e4sthetischen, sozialen und kulturellen Werten. Aus unserer Sicht ist nur eine Architektur, die von den Geb\u00e4udenutzern wertgesch\u00e4tzt wird, auf lange Sicht hin nachhaltig. Diese Nachhaltigkeit entscheidet sich zu allererst nicht auf einer technischen Ebene, sondern auf der Ebene von kultureller [&hellip;]<\/p>\n","protected":false},"author":1,"featured_media":6282,"parent":20,"menu_order":1,"comment_status":"closed","ping_status":"closed","template":"views\/template-focus.blade.php","meta":{"_acf_changed":false,"footnotes":""},"class_list":["post-24","page","type-page","status-publish","has-post-thumbnail","hentry"],"translation":{"provider":"WPGlobus","version":"3.0.0","language":"en","enabled_languages":["de","en"],"languages":{"de":{"title":true,"content":true,"excerpt":false},"en":{"title":true,"content":false,"excerpt":false}}},"acf":[],"_links":{"self":[{"href":"https:\/\/www.nussmueller.at\/en\/wp-json\/wp\/v2\/pages\/24"}],"collection":[{"href":"https:\/\/www.nussmueller.at\/en\/wp-json\/wp\/v2\/pages"}],"about":[{"href":"https:\/\/www.nussmueller.at\/en\/wp-json\/wp\/v2\/types\/page"}],"author":[{"embeddable":true,"href":"https:\/\/www.nussmueller.at\/en\/wp-json\/wp\/v2\/users\/1"}],"replies":[{"embeddable":true,"href":"https:\/\/www.nussmueller.at\/en\/wp-json\/wp\/v2\/comments?post=24"}],"version-history":[{"count":27,"href":"https:\/\/www.nussmueller.at\/en\/wp-json\/wp\/v2\/pages\/24\/revisions"}],"predecessor-version":[{"id":3130,"href":"https:\/\/www.nussmueller.at\/en\/wp-json\/wp\/v2\/pages\/24\/revisions\/3130"}],"up":[{"embeddable":true,"href":"https:\/\/www.nussmueller.at\/en\/wp-json\/wp\/v2\/pages\/20"}],"wp:featuredmedia":[{"embeddable":true,"href":"https:\/\/www.nussmueller.at\/en\/wp-json\/wp\/v2\/media\/6282"}],"wp:attachment":[{"href":"https:\/\/www.nussmueller.at\/en\/wp-json\/wp\/v2\/media?parent=24"}],"curies":[{"name":"wp","href":"https:\/\/api.w.org\/{rel}","templated":true}]}}