{"id":22,"date":"2018-03-12T08:13:27","date_gmt":"2018-03-12T08:13:27","guid":{"rendered":"http:\/\/localhost\/wordpress\/?page_id=22"},"modified":"2022-08-26T06:49:19","modified_gmt":"2022-08-26T06:49:19","slug":"holzbau","status":"publish","type":"page","link":"https:\/\/www.nussmueller.at\/en\/focus\/holzbau\/","title":{"rendered":"timber construction"},"content":{"rendered":"<h4>Der Baustoff Holz erlebt seit der Jahrtausendwende aufgrund neuer technologischer Entwicklungen eine Renaissance. In einem Holzland wie der Steiermark, wo mehr Holz nachw\u00e4chst, als geerntet wird, war es f\u00fcr uns ein logischer Schritt, dieses Material intensiv zu erforschen und zu nutzen.<\/h4>\n<p>Die ersten innovativen Projekte konnten wir im B\u00fcro- und Gewerbebau umsetzen.Bald folgten Schulbauten, Kinderg\u00e4rten, Gescho\u00dfwohnbauten, bis hin zu Sanierungen mit Holzfassadenfertigteilen. Die neue Brettsperrholzplatte hat die traditionelle Zimmermannsarbeit revolutioniert und dem Holzbau ein neues, positives Image verliehen. Holz bietet eine gute W\u00e4rmed\u00e4mmung, f\u00fchlt sich warm und angenehm an, riecht gut und besitzt einen ausgezeichneten \u00f6kologischen Fu\u00dfabdruck. Es erm\u00f6glicht einen hohen Vorfertigungsgrad und dadurch kurze Bauzeiten. Den nachteiligen Aspekten, wie etwa die schlechtere Schalld\u00e4mmeigenschaft, die Empfindlichkeit f\u00fcr Staun\u00e4sse, das geringere Tragverhalten gegen\u00fcber Beton- und Stahlbeton, muss mit sorgf\u00e4ltigen Details und einer entsprechender Geb\u00e4udekonzeption begegnet werden und ist f\u00fcr uns stets eine interessante Herausforderung.<\/p>\n<p><span lang=\"DE\">[break]<\/span><\/p>\n<p>Seit jeher verwenden wir gerne Holz in unseren Bauten und sind stets offen f\u00fcr das Erforschen und Kennenlernen neuer Methoden und Technologien. Durch die stetige, professionelle Zusammenarbeit mit Fachplanern, Industrie und Zimmereien haben wir ein vielerorts gesch\u00e4tztes Know-how erreicht, welches schon auf der Arch Moskau pr\u00e4sentiert wurde, aber auch das Interesse von traditionellen Holzl\u00e4ndern, wie Finnland oder Norwegen hervorgerufen hat.<\/p>\n<p>Mit Vortr\u00e4gen, Projektstudien und Publikationen sind wir immer bem\u00fcht, unser Wissen und unsere Begeisterung f\u00fcr den Holzbau an Interessierte weiterzugeben. In einem Zusammenschluss mit Kollegen und Fachplanern wurde Seewood gegr\u00fcndet, als Schwerpunkt erfolgt hierbei verst\u00e4rkt die Vermittlung im osteurop\u00e4ischen Raum.<\/p>\n","protected":false},"excerpt":{"rendered":"<p>Der Baustoff Holz erlebt seit der Jahrtausendwende aufgrund neuer technologischer Entwicklungen eine Renaissance. In einem Holzland wie der Steiermark, wo mehr Holz nachw\u00e4chst, als geerntet wird, war es f\u00fcr uns ein logischer Schritt, dieses Material intensiv zu erforschen und zu nutzen. Die ersten innovativen Projekte konnten wir im B\u00fcro- und Gewerbebau umsetzen.Bald folgten Schulbauten, Kinderg\u00e4rten, [&hellip;]<\/p>\n","protected":false},"author":1,"featured_media":6284,"parent":20,"menu_order":3,"comment_status":"closed","ping_status":"closed","template":"views\/template-focus.blade.php","meta":{"_acf_changed":false,"footnotes":""},"class_list":["post-22","page","type-page","status-publish","has-post-thumbnail","hentry"],"translation":{"provider":"WPGlobus","version":"3.0.0","language":"en","enabled_languages":["de","en"],"languages":{"de":{"title":true,"content":true,"excerpt":false},"en":{"title":true,"content":false,"excerpt":false}}},"acf":[],"_links":{"self":[{"href":"https:\/\/www.nussmueller.at\/en\/wp-json\/wp\/v2\/pages\/22"}],"collection":[{"href":"https:\/\/www.nussmueller.at\/en\/wp-json\/wp\/v2\/pages"}],"about":[{"href":"https:\/\/www.nussmueller.at\/en\/wp-json\/wp\/v2\/types\/page"}],"author":[{"embeddable":true,"href":"https:\/\/www.nussmueller.at\/en\/wp-json\/wp\/v2\/users\/1"}],"replies":[{"embeddable":true,"href":"https:\/\/www.nussmueller.at\/en\/wp-json\/wp\/v2\/comments?post=22"}],"version-history":[{"count":37,"href":"https:\/\/www.nussmueller.at\/en\/wp-json\/wp\/v2\/pages\/22\/revisions"}],"predecessor-version":[{"id":6330,"href":"https:\/\/www.nussmueller.at\/en\/wp-json\/wp\/v2\/pages\/22\/revisions\/6330"}],"up":[{"embeddable":true,"href":"https:\/\/www.nussmueller.at\/en\/wp-json\/wp\/v2\/pages\/20"}],"wp:featuredmedia":[{"embeddable":true,"href":"https:\/\/www.nussmueller.at\/en\/wp-json\/wp\/v2\/media\/6284"}],"wp:attachment":[{"href":"https:\/\/www.nussmueller.at\/en\/wp-json\/wp\/v2\/media?parent=22"}],"curies":[{"name":"wp","href":"https:\/\/api.w.org\/{rel}","templated":true}]}}