{"id":2080,"date":"2019-03-29T10:52:12","date_gmt":"2019-03-29T10:52:12","guid":{"rendered":"https:\/\/www.nussmueller.at\/?page_id=2080"},"modified":"2022-08-26T06:48:21","modified_gmt":"2022-08-26T06:48:21","slug":"bildungsbauten","status":"publish","type":"page","link":"https:\/\/www.nussmueller.at\/en\/focus\/bildungsbauten\/","title":{"rendered":"educational buildings"},"content":{"rendered":"<h4 class=\"NUZTFlietextAdresseRegular\"><span lang=\"EN-US\">Im fr\u00fchen Wechsel zum Architekturb\u00fcro Nussm\u00fcller Mitte der Neunziger Jahre, waren es vor allem Bildungsbauten, mit denen wir uns intensiv besch\u00e4ftigten. Aus dieser Zeit gingen herausragende und mehrfach pr\u00e4mierte Bauten, wie die Volksschule Wildon, die Karl Morre Schule in Graz, oder das Bautechnikzentrum der TU-Graz hervor.<\/span><\/h4>\n<p class=\"NUZTFlietextAdresseRegular\"><span lang=\"EN-US\">\u00a0<\/span><\/p>\n<p class=\"NUZTFlietextAdresseRegular\"><span lang=\"EN-US\">Das spannende an der Aufgabe Bildungsbau liegt in den speziellen und h\u00f6chst unterschiedlichen Anforderungen an deren r\u00e4umlichen Qualit\u00e4ten. So suchten wir sehr bald nach Alternativen zu dem klassischen Unterrichtsraum, der uns noch in unserer Ausbildung begegnet ist. Die Erwartungen, die neuen Lernformen und M\u00f6glichkeiten sind hybrider geworden und mit Ihnen die Anforderungen an deren r\u00e4umlichen Umsetzung. Offene, luftige Raumkonzepte mit Zonierungen f\u00fcr Kleingruppen, freies Lernen und qualit\u00e4tsvolle, nachhaltige Baumaterialien waren bereits in unseren fr\u00fchen Entw\u00fcrfen Vorgriffe auf die freien Unterrichtsformen, die heutzutage anzustreben normal geworden ist.<\/span><\/p>\n<p class=\"NUZTFlietextAdresseRegular\"><span lang=\"EN-US\">\u00a0<span lang=\"DE\">[break]<\/span><\/span><\/p>\n<p class=\"NUZTFlietextAdresseRegular\"><span lang=\"EN-US\">Weiters im h\u00f6chsten Ma\u00dfe spannend und herausfordernd ist der Umstand, dass kleine Menschen den Raum anders wahrnehmen als Erwachsene. Es ist ein anderer Ma\u00dfstab, eine andere Augh\u00f6he, und ein anderer Umgang, welche die R\u00e4ume auch anders messen und im Falle von Sitznischen, Galerien und R\u00fcckzugsbereichen auch anders erlebbar machen.<\/span><\/p>\n<p class=\"NUZTFlietextAdresseRegular\"><span lang=\"EN-US\">\u00a0<\/span><\/p>\n<p class=\"NUZTFlietextAdresseRegular\"><span lang=\"EN-US\">Es ist auch stets eine Herausforderung trotz strikter Vorgaben \u00fcber Nutzfl\u00e4chen und meist knappen Budgets Bauwerke zu entwickeln in denen sich Kinder entfalten und wohlf\u00fchlen k\u00f6nnen. Gerade bei Kinderg\u00e4rten und Krippen gibt es einen interessanten Wechsel zwischen hellen, wachen R\u00e4umen und ruhigen R\u00e4umen, die Geborgenheit geben.<\/span><\/p>\n","protected":false},"excerpt":{"rendered":"<p>Im fr\u00fchen Wechsel zum Architekturb\u00fcro Nussm\u00fcller Mitte der Neunziger Jahre, waren es vor allem Bildungsbauten, mit denen wir uns intensiv besch\u00e4ftigten. Aus dieser Zeit gingen herausragende und mehrfach pr\u00e4mierte Bauten, wie die Volksschule Wildon, die Karl Morre Schule in Graz, oder das Bautechnikzentrum der TU-Graz hervor. \u00a0 Das spannende an der Aufgabe Bildungsbau liegt in [&hellip;]<\/p>\n","protected":false},"author":2,"featured_media":6281,"parent":20,"menu_order":0,"comment_status":"closed","ping_status":"closed","template":"views\/template-focus.blade.php","meta":{"_acf_changed":false,"footnotes":""},"class_list":["post-2080","page","type-page","status-publish","has-post-thumbnail","hentry"],"translation":{"provider":"WPGlobus","version":"3.0.0","language":"en","enabled_languages":["de","en"],"languages":{"de":{"title":true,"content":true,"excerpt":false},"en":{"title":true,"content":false,"excerpt":false}}},"acf":[],"_links":{"self":[{"href":"https:\/\/www.nussmueller.at\/en\/wp-json\/wp\/v2\/pages\/2080"}],"collection":[{"href":"https:\/\/www.nussmueller.at\/en\/wp-json\/wp\/v2\/pages"}],"about":[{"href":"https:\/\/www.nussmueller.at\/en\/wp-json\/wp\/v2\/types\/page"}],"author":[{"embeddable":true,"href":"https:\/\/www.nussmueller.at\/en\/wp-json\/wp\/v2\/users\/2"}],"replies":[{"embeddable":true,"href":"https:\/\/www.nussmueller.at\/en\/wp-json\/wp\/v2\/comments?post=2080"}],"version-history":[{"count":16,"href":"https:\/\/www.nussmueller.at\/en\/wp-json\/wp\/v2\/pages\/2080\/revisions"}],"predecessor-version":[{"id":6504,"href":"https:\/\/www.nussmueller.at\/en\/wp-json\/wp\/v2\/pages\/2080\/revisions\/6504"}],"up":[{"embeddable":true,"href":"https:\/\/www.nussmueller.at\/en\/wp-json\/wp\/v2\/pages\/20"}],"wp:featuredmedia":[{"embeddable":true,"href":"https:\/\/www.nussmueller.at\/en\/wp-json\/wp\/v2\/media\/6281"}],"wp:attachment":[{"href":"https:\/\/www.nussmueller.at\/en\/wp-json\/wp\/v2\/media?parent=2080"}],"curies":[{"name":"wp","href":"https:\/\/api.w.org\/{rel}","templated":true}]}}